{"id":528,"date":"2021-04-22T21:21:15","date_gmt":"2021-04-22T18:21:15","guid":{"rendered":"https:\/\/dukva.org\/en\/?page_id=528"},"modified":"2021-05-02T12:20:26","modified_gmt":"2021-05-02T09:20:26","slug":"donate","status":"publish","type":"page","link":"https:\/\/dukva.org\/en\/donate\/","title":{"rendered":"Donate"},"content":{"rendered":"\n<p>Support the Work of the World Uyghur Congress Foundation<\/p>\n\n\n\n<p>In order for the WUC Foundation to continue its work advocating for the rights of the Uyghur people and pushing for the internment camps to be closed, we rely on support and donations.<\/p>\n\n\n\n<p>Donations can be made on our website.<\/p>\n\n\n\n<p>Our Bank Account Numbers<\/p>\n\n\n\n<p><strong>Turkey Is Bank (T\u00fcrkiye \u0130\u015f Bankas\u0131)<\/strong><br>Branch Zeytinburnu &#8211; 1062<\/p>\n\n\n\n<p>Account Holder:<br>WORLD UYGUR CONGRESS FOUNDATION<\/p>\n\n\n\n<p>TL  IBAN: TR31 0006 4000 0011 0621 0454 43 (\u20ba)<br>Account Number: 1062-1045443 (\u20ba)<\/p>\n\n\n\n<p>USD  IBAN: TR95 0006 4000 0021 0620 4902 22 ($)<br>Account Number: 1062-0490222 ($)<\/p>\n\n\n\n<p>EUR  IBAN: TR78 0006 4000 0021 0620 4902 37 (\u20ac)<br>Account Number: 1062-0490237 (\u20ac)<\/p>\n","protected":false},"excerpt":{"rendered":"<p>Support the Work of the World Uyghur Congress Foundation In order for the WUC Foundation to continue its work advocating for the rights of the Uyghur people and pushing for the internment camps to be closed, we rely on support<\/p>\n","protected":false},"author":1,"featured_media":0,"parent":0,"menu_order":0,"comment_status":"closed","ping_status":"closed","template":"","meta":{"inline_featured_image":false,"footnotes":""},"_links":{"self":[{"href":"https:\/\/dukva.org\/en\/wp-json\/wp\/v2\/pages\/528"}],"collection":[{"href":"https:\/\/dukva.org\/en\/wp-json\/wp\/v2\/pages"}],"about":[{"href":"https:\/\/dukva.org\/en\/wp-json\/wp\/v2\/types\/page"}],"author":[{"embeddable":true,"href":"https:\/\/dukva.org\/en\/wp-json\/wp\/v2\/users\/1"}],"replies":[{"embeddable":true,"href":"https:\/\/dukva.org\/en\/wp-json\/wp\/v2\/comments?post=528"}],"version-history":[{"count":4,"href":"https:\/\/dukva.org\/en\/wp-json\/wp\/v2\/pages\/528\/revisions"}],"predecessor-version":[{"id":611,"href":"https:\/\/dukva.org\/en\/wp-json\/wp\/v2\/pages\/528\/revisions\/611"}],"wp:attachment":[{"href":"https:\/\/dukva.org\/en\/wp-json\/wp\/v2\/media?parent=528"}],"curies":[{"name":"wp","href":"https:\/\/api.w.org\/{rel}","templated":true}]}}