{"id":521,"date":"2021-05-09T16:36:28","date_gmt":"2021-05-09T13:36:28","guid":{"rendered":"https:\/\/dukva.org\/uy\/?page_id=521"},"modified":"2022-02-17T11:44:41","modified_gmt":"2022-02-17T08:44:41","slug":"%d8%a6%d8%a7%d9%84%d8%a7%d9%82%d9%89%d9%84%d9%89%d8%b4%d9%89%da%ad","status":"publish","type":"page","link":"https:\/\/dukva.org\/uy\/%d8%a6%d8%a7%d9%84%d8%a7%d9%82%d9%89%d9%84%d9%89%d8%b4%d9%89%da%ad\/","title":{"rendered":"\u0626\u0627\u0644\u0627\u0642\u0649\u0644\u0649\u0634\u0649\u06ad"},"content":{"rendered":"\n<p>\u0626\u0627\u0644\u0627\u0642\u0649\u0644\u0649\u0634\u0649\u06ad<\/p>\n\n\n\n<p>\u0626\u0627\u062f\u0631\u06d0\u0633:<\/p>\n\n\n\n<p>\u015eehremini Mah. Turgut \u00d6zal Millet Caddesi No:119 Kat :4 \u0130\u00e7 No.5 (34104) Fatih \/ \u0130stanbul \/ T\u00fcrkiye<\/p>\n\n\n\n<p>\u062a\u06d0\u0644\u06d0\u0641\u0648\u0646:<\/p>\n\n\n\n<p><a href=\"tel:00905323937637\">00902125293993<\/a><\/p>\n\n\n\n<p>\u0626\u06d0\u0644\u062e\u06d5\u062a:<a href=\"dukvakfi@gmail.com\">info@dukva.org<\/a><\/p>\n\n\n\n<ul class=\"wp-block-social-links is-layout-flex wp-block-social-links-is-layout-flex\"><li class=\"wp-social-link wp-social-link-twitter  wp-block-social-link\"><a href=\"https:\/\/twitter.com\/DukVakfi\" class=\"wp-block-social-link-anchor\"><svg width=\"24\" height=\"24\" viewBox=\"0 0 24 24\" version=\"1.1\" xmlns=\"http:\/\/www.w3.org\/2000\/svg\" aria-hidden=\"true\" focusable=\"false\"><path d=\"M22.23,5.924c-0.736,0.326-1.527,0.547-2.357,0.646c0.847-0.508,1.498-1.312,1.804-2.27 c-0.793,0.47-1.671,0.812-2.606,0.996C18.324,4.498,17.257,4,16.077,4c-2.266,0-4.103,1.837-4.103,4.103 c0,0.322,0.036,0.635,0.106,0.935C8.67,8.867,5.647,7.234,3.623,4.751C3.27,5.357,3.067,6.062,3.067,6.814 c0,1.424,0.724,2.679,1.825,3.415c-0.673-0.021-1.305-0.206-1.859-0.513c0,0.017,0,0.034,0,0.052c0,1.988,1.414,3.647,3.292,4.023 c-0.344,0.094-0.707,0.144-1.081,0.144c-0.264,0-0.521-0.026-0.772-0.074c0.522,1.63,2.038,2.816,3.833,2.85 c-1.404,1.1-3.174,1.756-5.096,1.756c-0.331,0-0.658-0.019-0.979-0.057c1.816,1.164,3.973,1.843,6.29,1.843 c7.547,0,11.675-6.252,11.675-11.675c0-0.178-0.004-0.355-0.012-0.531C20.985,7.47,21.68,6.747,22.23,5.924z\"><\/path><\/svg><span class=\"wp-block-social-link-label screen-reader-text\">Twitter<\/span><\/a><\/li>\n\n<li class=\"wp-social-link wp-social-link-facebook  wp-block-social-link\"><a href=\"https:\/\/www.facebook.com\/DukVakfi\" class=\"wp-block-social-link-anchor\"><svg width=\"24\" height=\"24\" viewBox=\"0 0 24 24\" version=\"1.1\" xmlns=\"http:\/\/www.w3.org\/2000\/svg\" aria-hidden=\"true\" focusable=\"false\"><path d=\"M12 2C6.5 2 2 6.5 2 12c0 5 3.7 9.1 8.4 9.9v-7H7.9V12h2.5V9.8c0-2.5 1.5-3.9 3.8-3.9 1.1 0 2.2.2 2.2.2v2.5h-1.3c-1.2 0-1.6.8-1.6 1.6V12h2.8l-.4 2.9h-2.3v7C18.3 21.1 22 17 22 12c0-5.5-4.5-10-10-10z\"><\/path><\/svg><span class=\"wp-block-social-link-label screen-reader-text\">Facebook<\/span><\/a><\/li>\n\n\n\n<li class=\"wp-social-link wp-social-link-youtube  wp-block-social-link\"><a href=\"https:\/\/www.youtube.com\/channel\/UC7CEl1U3-pPeheNdS9ucm7g\" class=\"wp-block-social-link-anchor\"><svg width=\"24\" height=\"24\" viewBox=\"0 0 24 24\" version=\"1.1\" xmlns=\"http:\/\/www.w3.org\/2000\/svg\" aria-hidden=\"true\" focusable=\"false\"><path d=\"M21.8,8.001c0,0-0.195-1.378-0.795-1.985c-0.76-0.797-1.613-0.801-2.004-0.847c-2.799-0.202-6.997-0.202-6.997-0.202 h-0.009c0,0-4.198,0-6.997,0.202C4.608,5.216,3.756,5.22,2.995,6.016C2.395,6.623,2.2,8.001,2.2,8.001S2,9.62,2,11.238v1.517 c0,1.618,0.2,3.237,0.2,3.237s0.195,1.378,0.795,1.985c0.761,0.797,1.76,0.771,2.205,0.855c1.6,0.153,6.8,0.201,6.8,0.201 s4.203-0.006,7.001-0.209c0.391-0.047,1.243-0.051,2.004-0.847c0.6-0.607,0.795-1.985,0.795-1.985s0.2-1.618,0.2-3.237v-1.517 C22,9.62,21.8,8.001,21.8,8.001z M9.935,14.594l-0.001-5.62l5.404,2.82L9.935,14.594z\"><\/path><\/svg><span class=\"wp-block-social-link-label screen-reader-text\">YouTube<\/span><\/a><\/li><\/ul>\n\n\n\n<p><\/p>\n","protected":false},"excerpt":{"rendered":"<p>\u0626\u0627\u0644\u0627\u0642\u0649\u0644\u0649\u0634\u0649\u06ad \u0626\u0627\u062f\u0631\u06d0\u0633: \u015eehremini Mah. Turgut \u00d6zal Millet Caddesi No:119 Kat :4 \u0130\u00e7 No.5 (34104) Fatih \/ \u0130stanbul \/ T\u00fcrkiye \u062a\u06d0\u0644\u06d0\u0641\u0648\u0646: 00902125293993 \u0626\u06d0\u0644\u062e\u06d5\u062a:info@dukva.org<\/p>\n","protected":false},"author":1,"featured_media":0,"parent":0,"menu_order":0,"comment_status":"closed","ping_status":"closed","template":"","meta":{"inline_featured_image":false,"footnotes":""},"_links":{"self":[{"href":"https:\/\/dukva.org\/uy\/wp-json\/wp\/v2\/pages\/521"}],"collection":[{"href":"https:\/\/dukva.org\/uy\/wp-json\/wp\/v2\/pages"}],"about":[{"href":"https:\/\/dukva.org\/uy\/wp-json\/wp\/v2\/types\/page"}],"author":[{"embeddable":true,"href":"https:\/\/dukva.org\/uy\/wp-json\/wp\/v2\/users\/1"}],"replies":[{"embeddable":true,"href":"https:\/\/dukva.org\/uy\/wp-json\/wp\/v2\/comments?post=521"}],"version-history":[{"count":15,"href":"https:\/\/dukva.org\/uy\/wp-json\/wp\/v2\/pages\/521\/revisions"}],"predecessor-version":[{"id":991,"href":"https:\/\/dukva.org\/uy\/wp-json\/wp\/v2\/pages\/521\/revisions\/991"}],"wp:attachment":[{"href":"https:\/\/dukva.org\/uy\/wp-json\/wp\/v2\/media?parent=521"}],"curies":[{"name":"wp","href":"https:\/\/api.w.org\/{rel}","templated":true}]}}